{"id":4441,"date":"2024-01-16T10:32:27","date_gmt":"2024-01-16T09:32:27","guid":{"rendered":"https:\/\/stelladitaliaflorence.com\/scopri-firenze\/"},"modified":"2025-04-11T16:43:46","modified_gmt":"2025-04-11T14:43:46","slug":"decouvrez-florence","status":"publish","type":"page","link":"https:\/\/stelladitaliaflorence.com\/fr\/decouvrez-florence\/","title":{"rendered":"D\u00e9couvrez Florence"},"content":{"rendered":"<section class=\"wpb-content-wrapper\"><p>[vc_row el_class=&#8221;single-hb_room&#8221; css=&#8221;.vc_custom_1647974270406{margin-top: 50px !important;}&#8221;][vc_column]<div  class=\"empty-space  marg-lg-b40 marg-xs-b50\"><\/div><div  class=\"main-heading\"><span class=\"subtitle\" style=\"color:#666666;\">D\u00e9couvrez Florence<\/span><h2 class=\"title\" style=\"color:#111111;\">D\u00e9couvrez la magie, le charme et les joyaux cach\u00e9s de la ville<\/h2><\/div><div  class=\"empty-space  marg-lg-b25\"><\/div><div class=\"text-block \" ><div class=\"simple-text \"><p style=\"text-align: center;\">Rejoignez-nous dans un voyage narratif \u00e0 travers les rues envo\u00fbtantes de Florence, o\u00f9 chaque coin raconte une histoire, chaque pierre cache un secret. \u2018D\u00e9couvrez Florence\u2019 n\u2019est pas seulement le blog de \u2018Stella d\u2019Italia\u2019, mais une porte ouverte sur un monde de merveilles cach\u00e9es et de tr\u00e9sors inexplor\u00e9s.<\/p>\n<p style=\"text-align: center;\">Souhaitez-vous d\u00e9couvrir l\u2019histoire derri\u00e8re la majestueuse Cath\u00e9drale Santa Maria del Fiore ? Ou \u00eates-vous curieux de conna\u00eetre les petits caf\u00e9s cach\u00e9s le long de la Via Tornabuoni, o\u00f9 artistes et po\u00e8tes passent leurs journ\u00e9es entre un espresso et une inspiration ?<\/p>\n<p style=\"text-align: center;\">Lisez nos guides et articles de blog pour commencer ce voyage fascinant. Vous trouverez non seulement des r\u00e9cits de lieux historiques, mais aussi des histoires de personnes, de nourriture, d\u2019art et de culture. Des recettes secr\u00e8tes des anciennes trattorias florentines aux secrets des ma\u00eetres artisans, de nombreuses d\u00e9couvertes vous attendent.<\/p>\n<p style=\"text-align: center;\"><em><strong>Ne laissez pas ces histoires rester inaper\u00e7ues. Plongez dans la ville de Florence et laissez-vous envo\u00fbter par sa magie.<\/strong><\/em><\/p>\n<\/div><\/div><div  class=\"empty-space  marg-lg-b25\"><\/div>[vc_basic_grid post_type=&#8221;post&#8221; max_items=&#8221;10&#8243; grid_id=&#8221;vc_gid:1744382610565-4e9a325d-75f2-7&#8243; taxonomies=&#8221;37&#8243;]\n\n  <div  class=\"row blog__shortcode blog-roll__post \">\n    <div class=\"isotope isotope-content\">\n      <div class=\"grid-sizer col-xs-12 col-sm-6 col-md-4\"><\/div>              <div class=\"col-md-4 col-xs-6 post__roll post-4584 post type-post status-publish format-standard has-post-thumbnail hentry category-firenze-fr\">\n          <div class=\"recent-post mb-0\">\n                      <div class=\"image text-center\">\n            <a href=\"https:\/\/stelladitaliaflorence.com\/fr\/art-a-florence-nos-conseils\/\"><img loading=\"lazy\" decoding=\"async\" width=\"368\" height=\"268\" src=\"https:\/\/stelladitaliaflorence.com\/wp-content\/uploads\/2025\/04\/Arte-a-Firenze-i-nostri-consigli-368x268.jpg\" class=\"attachment-luxe-medium size-luxe-medium wp-post-image\" alt=\"\" \/><\/a>\n          <\/div>\n                    <div class=\"recent-post__wrap\">\n              <a href=\"https:\/\/stelladitaliaflorence.com\/fr\/art-a-florence-nos-conseils\/\" class=\"recent-post__title\">Art \u00e0 Florence: nos conseils<\/a>\n              <div class=\"recent-post__meta\">\n                                            <\/div>\n              <div class=\"recent-post__excerpt\">[vc_row][vc_column width=&#8221;1\/6&#8243;][\/vc_column][vc_column width=&#8221;2\/3&#8243;][vc_empty_space][\/vc_column][vc_column width=&#8221;1\/6&#8243;][\/vc_column][\/vc_row]<\/div>\n              <a class=\"recent-post__link\" href=\"https:\/\/stelladitaliaflorence.com\/fr\/art-a-florence-nos-conseils\/\">Read more<\/a>\n            <\/div>\n          <\/div>\n          <div class=\"empty-space  marg-xs-b15\"><\/div>\n        <\/div>\n              <div class=\"col-md-4 col-xs-6 post__roll post-4583 post type-post status-publish format-standard has-post-thumbnail hentry category-firenze-fr\">\n          <div class=\"recent-post mb-0\">\n                      <div class=\"image text-center\">\n            <a href=\"https:\/\/stelladitaliaflorence.com\/fr\/bars-sandwiches-et-trippa-a-florence-nos-conseils\/\"><img loading=\"lazy\" decoding=\"async\" width=\"368\" height=\"268\" src=\"https:\/\/stelladitaliaflorence.com\/wp-content\/uploads\/2025\/04\/Bar-Panini-e-Trippa-a-Firenze-i-nostri-consigli-368x268.jpg\" class=\"attachment-luxe-medium size-luxe-medium wp-post-image\" alt=\"\" \/><\/a>\n          <\/div>\n                    <div class=\"recent-post__wrap\">\n              <a href=\"https:\/\/stelladitaliaflorence.com\/fr\/bars-sandwiches-et-trippa-a-florence-nos-conseils\/\" class=\"recent-post__title\">Bars, sandwiches et trippa \u00e0 Florence: nos conseils<\/a>\n              <div class=\"recent-post__meta\">\n                                            <\/div>\n              <div class=\"recent-post__excerpt\">[vc_row][vc_column width=&#8221;1\/6&#8243;][\/vc_column][vc_column width=&#8221;2\/3&#8243;][vc_empty_space][vc_empty_space][vc_empty_space][\/vc_column][vc_column width=&#8221;1\/6&#8243;][\/vc_column][\/vc_row]<\/div>\n              <a class=\"recent-post__link\" href=\"https:\/\/stelladitaliaflorence.com\/fr\/bars-sandwiches-et-trippa-a-florence-nos-conseils\/\">Read more<\/a>\n            <\/div>\n          <\/div>\n          <div class=\"empty-space  marg-xs-b15\"><\/div>\n        <\/div>\n              <div class=\"col-md-4 col-xs-6 post__roll post-4581 post type-post status-publish format-standard has-post-thumbnail hentry category-firenze-fr\">\n          <div class=\"recent-post mb-0\">\n                      <div class=\"image text-center\">\n            <a href=\"https:\/\/stelladitaliaflorence.com\/fr\/ristoranti-trattorie-firenze-nostri-consigli-2\/\"><img loading=\"lazy\" decoding=\"async\" width=\"368\" height=\"268\" src=\"https:\/\/stelladitaliaflorence.com\/wp-content\/uploads\/2019\/12\/regina-bistecca-firenze1-368x268.jpg\" class=\"attachment-luxe-medium size-luxe-medium wp-post-image\" alt=\"\" \/><\/a>\n          <\/div>\n                    <div class=\"recent-post__wrap\">\n              <a href=\"https:\/\/stelladitaliaflorence.com\/fr\/ristoranti-trattorie-firenze-nostri-consigli-2\/\" class=\"recent-post__title\">Restaurants et trattorias \u00e0 Florence: nos conseils<\/a>\n              <div class=\"recent-post__meta\">\n                                            <\/div>\n              <div class=\"recent-post__excerpt\">[vc_row][vc_column width=&#8221;1\/6&#8243;][\/vc_column][vc_column width=&#8221;2\/3&#8243;][vc_empty_space][vc_empty_space][\/vc_column][vc_column width=&#8221;1\/6&#8243;][\/vc_column][\/vc_row]<\/div>\n              <a class=\"recent-post__link\" href=\"https:\/\/stelladitaliaflorence.com\/fr\/ristoranti-trattorie-firenze-nostri-consigli-2\/\">Read more<\/a>\n            <\/div>\n          <\/div>\n          <div class=\"empty-space  marg-xs-b15\"><\/div>\n        <\/div>\n          <\/div>\n  <\/div>\n\n  <div  class=\"empty-space  marg-lg-b40\"><\/div>[\/vc_column][\/vc_row]<\/p>\n<\/section>","protected":false},"excerpt":{"rendered":"<p>[vc_row el_class=&#8221;single-hb_room&#8221; css=&#8221;.vc_custom_1647974270406{margin-top: 50px !important;}&#8221;][vc_column][vc_basic_grid post_type=&#8221;post&#8221; max_items=&#8221;10&#8243; grid_id=&#8221;vc_gid:1744382610565-4e9a325d-75f2-7&#8243; taxonomies=&#8221;37&#8243;][\/vc_column][\/vc_row]<\/p>\n","protected":false},"author":5,"featured_media":0,"parent":0,"menu_order":0,"comment_status":"closed","ping_status":"closed","template":"","meta":{"footnotes":""},"class_list":["post-4441","page","type-page","status-publish","hentry"],"_links":{"self":[{"href":"https:\/\/stelladitaliaflorence.com\/fr\/wp-json\/wp\/v2\/pages\/4441","targetHints":{"allow":["GET"]}}],"collection":[{"href":"https:\/\/stelladitaliaflorence.com\/fr\/wp-json\/wp\/v2\/pages"}],"about":[{"href":"https:\/\/stelladitaliaflorence.com\/fr\/wp-json\/wp\/v2\/types\/page"}],"author":[{"embeddable":true,"href":"https:\/\/stelladitaliaflorence.com\/fr\/wp-json\/wp\/v2\/users\/5"}],"replies":[{"embeddable":true,"href":"https:\/\/stelladitaliaflorence.com\/fr\/wp-json\/wp\/v2\/comments?post=4441"}],"version-history":[{"count":6,"href":"https:\/\/stelladitaliaflorence.com\/fr\/wp-json\/wp\/v2\/pages\/4441\/revisions"}],"predecessor-version":[{"id":4504,"href":"https:\/\/stelladitaliaflorence.com\/fr\/wp-json\/wp\/v2\/pages\/4441\/revisions\/4504"}],"wp:attachment":[{"href":"https:\/\/stelladitaliaflorence.com\/fr\/wp-json\/wp\/v2\/media?parent=4441"}],"curies":[{"name":"wp","href":"https:\/\/api.w.org\/{rel}","templated":true}]}}