{"id":4442,"date":"2018-11-29T17:22:23","date_gmt":"2018-11-29T16:22:23","guid":{"rendered":"https:\/\/stelladitaliaflorence.com\/charme-hotel-firenze\/"},"modified":"2025-09-19T15:36:08","modified_gmt":"2025-09-19T13:36:08","slug":"charme-hotel-florence","status":"publish","type":"page","link":"https:\/\/stelladitaliaflorence.com\/fr\/charme-hotel-florence\/","title":{"rendered":"D\u00e9tails"},"content":{"rendered":"<section class=\"wpb-content-wrapper\"><p>[vc_row][vc_column]<div  class=\"empty-space  marg-lg-b50 marg-xs-b50\"><\/div>[\/vc_column][\/vc_row][vc_row][vc_column width=&#8221;1\/3&#8243;]<div  class=\"main-heading\"><span class=\"subtitle\" style=\"color:#666666;\">Ouvrez les yeux et r\u00eavez<\/span><h2 class=\"title\" style=\"color:#111111;\">Petit-d\u00e9jeuner<\/h2><\/div><div  class=\"empty-space  marg-lg-b25\"><\/div><div class=\"text-block \" ><div class=\"simple-text \"><p>Un petit-d\u00e9jeuner buffet est servi dans la salle d\u00e9cor\u00e9e de fresques de 7h30 \u00e0 10h30.<\/p>\n<p>Une s\u00e9lection de produits typiques de Toscane, ainsi que des options sucr\u00e9es et sal\u00e9es, offre aux invit\u00e9s une large gamme de choix pour savourer un d\u00e9licieux petit-d\u00e9jeuner dans un environnement confortable et \u00e9l\u00e9gant.<\/p>\n<\/div><\/div><div  class=\"empty-space  marg-lg-b25\"><\/div>[\/vc_column][vc_column width=&#8221;2\/3&#8243;][vc_single_image image=&#8221;4484&#8243; img_size=&#8221;full&#8221; alignment=&#8221;center&#8221;]<div  class=\"empty-space  marg-lg-b25\"><\/div>[\/vc_column][\/vc_row][vc_row][vc_column]<div  class=\"empty-space  marg-lg-b75 marg-xs-b50\"><\/div>[\/vc_column][\/vc_row][vc_row][vc_column width=&#8221;2\/3&#8243;][vc_single_image image=&#8221;4483&#8243; img_size=&#8221;full&#8221; alignment=&#8221;center&#8221;]<div  class=\"empty-space  marg-lg-b25\"><\/div>[\/vc_column][vc_column width=&#8221;1\/3&#8243;]<div  class=\"main-heading\"><span class=\"subtitle\" style=\"color:#666666;\">R\u00e9ception<\/span><h2 class=\"title\" style=\"color:#111111;\">Concierge<\/h2><\/div><div  class=\"empty-space  marg-lg-b25\"><\/div><div class=\"text-block \" ><div class=\"simple-text \"><p>Le service de concierge et de r\u00e9ception est disponible tous les jours de 7:30 \u00e0 23:00<\/p>\n<p>L&#8217;enregistrement est possible \u00e0 partir de 15h00, et le d\u00e9part doit avoir lieu avant 11h00.<\/p>\n<\/div><\/div><div  class=\"empty-space  marg-lg-b25\"><\/div>[\/vc_column][\/vc_row][vc_row][vc_column]<div  class=\"empty-space  marg-lg-b75 marg-xs-b50\"><\/div>[\/vc_column][\/vc_row][vc_row][vc_column width=&#8221;1\/3&#8243;]<div  class=\"main-heading\"><span class=\"subtitle\" style=\"color:#666666;\">Bonne nuit<\/span><h2 class=\"title\" style=\"color:#111111;\">Les chambres<\/h2><\/div><div  class=\"empty-space  marg-lg-b25\"><\/div><div class=\"text-block \" ><div class=\"simple-text \"><p>Distribu\u00e9es sur les trois \u00e9tages sup\u00e9rieurs d\u2019un palais du XVIe si\u00e8cle, reli\u00e9s par une s\u00e9rie d&#8217;escaliers int\u00e9rieurs, de magnifiques couloirs et un ascenseur, les 24 chambres pr\u00e9sentent des caract\u00e9ristiques, des d\u00e9corations et des vues vari\u00e9es : certaines sont situ\u00e9es dans de tranquilles cours int\u00e9rieures, d\u2019autres donnent sur des terrasses priv\u00e9es offrant une vue imprenable sur les toits en tuiles de Florence ou dominent la Via Tornabuoni, rue historique et \u00e9l\u00e9gante. Chaque chambre poss\u00e8de ses caract\u00e9ristiques originales, des meubles iconiques et des d\u00e9tails \u00e9clectiques.<\/p>\n<p>Toutes les chambres sont \u00e9quip\u00e9es d&#8217;une bouilloire et d&#8217;une machine \u00e0 caf\u00e9 espresso, d&#8217;une t\u00e9l\u00e9vision HD, d\u2019un t\u00e9l\u00e9phone, d&#8217;une connexion Wi-Fi gratuite, de chaussons et de produits de toilette parfum\u00e9s Lorenzo Villoresi. Certaines chambres disposent \u00e9galement d&#8217;une baignoire ind\u00e9pendante dans la chambre, en plus d&#8217;une douche dans la salle de bain, tandis que d&#8217;autres offrent des terrasses priv\u00e9es.<\/p>\n<\/div><\/div><div  class=\"empty-space  marg-lg-b25\"><\/div>[\/vc_column][vc_column width=&#8221;2\/3&#8243;][vc_single_image image=&#8221;4485&#8243; img_size=&#8221;full&#8221; alignment=&#8221;center&#8221;]<div  class=\"empty-space  marg-lg-b25\"><\/div>[\/vc_column][\/vc_row][vc_row][vc_column]<div  class=\"empty-space  marg-lg-b75 marg-xs-b50\"><\/div>[\/vc_column][\/vc_row][vc_row disable_element=&#8221;yes&#8221;][vc_column width=&#8221;2\/3&#8243;]<div  class=\"block mb-0 block--image-gallery\"><div class=\"block__content\"><div class=\"image-gallery\"><div class=\"image-gallery__main\"><div class=\"image-gallery__item\"><img decoding=\"async\" src=\"https:\/\/stelladitaliaflorence.com\/wp-content\/uploads\/2019\/02\/adastra-firenze-mansion-748x400.jpg\" alt=\"\"><\/div><div class=\"image-gallery__item\"><img decoding=\"async\" src=\"https:\/\/stelladitaliaflorence.com\/wp-content\/uploads\/2019\/02\/adastra-firenze-mansion3-748x400.jpg\" alt=\"\"><\/div><div class=\"image-gallery__item\"><img decoding=\"async\" src=\"https:\/\/stelladitaliaflorence.com\/wp-content\/uploads\/2019\/02\/adastra-firenze-mansion8-748x400.jpg\" alt=\"\"><\/div><div class=\"image-gallery__item\"><img decoding=\"async\" src=\"https:\/\/stelladitaliaflorence.com\/wp-content\/uploads\/2019\/02\/adastra-firenze-mansion7-748x400.jpg\" alt=\"\"><\/div><div class=\"image-gallery__item\"><img decoding=\"async\" src=\"https:\/\/stelladitaliaflorence.com\/wp-content\/uploads\/2019\/02\/adastra-firenze-mansion1-748x400.jpg\" alt=\"\"><\/div><div class=\"image-gallery__item\"><img decoding=\"async\" src=\"https:\/\/stelladitaliaflorence.com\/wp-content\/uploads\/2019\/02\/adastra-firenze-mansion5-748x400.jpg\" alt=\"\"><\/div><div class=\"image-gallery__item\"><img decoding=\"async\" src=\"https:\/\/stelladitaliaflorence.com\/wp-content\/uploads\/2019\/02\/adastra-firenze-mansion4-748x400.jpg\" alt=\"\"><\/div><div class=\"image-gallery__item\"><img decoding=\"async\" src=\"https:\/\/stelladitaliaflorence.com\/wp-content\/uploads\/2019\/02\/adastra-firenze-mansion2-748x400.jpg\" alt=\"\"><\/div><div class=\"image-gallery__item\"><img decoding=\"async\" src=\"https:\/\/stelladitaliaflorence.com\/wp-content\/uploads\/2019\/02\/adastra-firenze-mansion6-748x400.jpg\" alt=\"\"><\/div><\/div><ul class=\"image-gallery__thumbs\"><li class=\"image-gallery__thumb\"><button class=\"image-gallery__button\"><img decoding=\"async\" src=\"https:\/\/stelladitaliaflorence.com\/wp-content\/uploads\/2019\/02\/adastra-firenze-mansion-178x95.jpg\" alt=\"\"><\/button><\/li><li class=\"image-gallery__thumb\"><button class=\"image-gallery__button\"><img decoding=\"async\" src=\"https:\/\/stelladitaliaflorence.com\/wp-content\/uploads\/2019\/02\/adastra-firenze-mansion3-178x95.jpg\" alt=\"\"><\/button><\/li><li class=\"image-gallery__thumb\"><button class=\"image-gallery__button\"><img decoding=\"async\" src=\"https:\/\/stelladitaliaflorence.com\/wp-content\/uploads\/2019\/02\/adastra-firenze-mansion8-178x95.jpg\" alt=\"\"><\/button><\/li><li class=\"image-gallery__thumb\"><button class=\"image-gallery__button\"><img decoding=\"async\" src=\"https:\/\/stelladitaliaflorence.com\/wp-content\/uploads\/2019\/02\/adastra-firenze-mansion7-178x95.jpg\" alt=\"\"><\/button><\/li><li class=\"image-gallery__thumb\"><button class=\"image-gallery__button\"><img decoding=\"async\" src=\"https:\/\/stelladitaliaflorence.com\/wp-content\/uploads\/2019\/02\/adastra-firenze-mansion1-178x95.jpg\" alt=\"\"><\/button><\/li><li class=\"image-gallery__thumb\"><button class=\"image-gallery__button\"><img decoding=\"async\" src=\"https:\/\/stelladitaliaflorence.com\/wp-content\/uploads\/2019\/02\/adastra-firenze-mansion5-178x95.jpg\" alt=\"\"><\/button><\/li><li class=\"image-gallery__thumb\"><button class=\"image-gallery__button\"><img decoding=\"async\" src=\"https:\/\/stelladitaliaflorence.com\/wp-content\/uploads\/2019\/02\/adastra-firenze-mansion4-178x95.jpg\" alt=\"\"><\/button><\/li><li class=\"image-gallery__thumb\"><button class=\"image-gallery__button\"><img decoding=\"async\" src=\"https:\/\/stelladitaliaflorence.com\/wp-content\/uploads\/2019\/02\/adastra-firenze-mansion2-178x95.jpg\" alt=\"\"><\/button><\/li><li class=\"image-gallery__thumb\"><button class=\"image-gallery__button\"><img decoding=\"async\" src=\"https:\/\/stelladitaliaflorence.com\/wp-content\/uploads\/2019\/02\/adastra-firenze-mansion6-178x95.jpg\" alt=\"\"><\/button><\/li><\/ul><\/div><\/div><\/div><div  class=\"empty-space  marg-lg-b25\"><\/div>[\/vc_column][vc_column width=&#8221;1\/3&#8243;]<div  class=\"main-heading\"><span class=\"subtitle\" style=\"color:#666666;\">Under the stars<\/span><h2 class=\"title\" style=\"color:#111111;\">The Mansion<\/h2><\/div><div  class=\"empty-space  marg-lg-b25\"><\/div><div class=\"text-block \" ><div class=\"simple-text \"><p>The hidden Torrigiani garden in the heart of Florence is the largest privately owned garden in Europe situated within city boundaries. Renowned in the 16th century as a botanical garden it had a revival in the early 19th century when the Marquis Pietro Torrigiani inherited the property and built a neo-gothic tower in the garden as an observatory to study the heavens. This inspired the name AdAstra which in Latin means \u201cto the stars\u201d. The current Marquis still lives on the ground floor of the mansion, whilst AdAstra extends over the first and second floors where the main salon still retains the original wooden parquet flooring, ceiling frescoes and chandelier.<\/p>\n<\/div><\/div><div  class=\"empty-space  marg-lg-b25\"><\/div>[\/vc_column][\/vc_row][vc_row full_width=&#8221;stretch_row_content_no_spaces&#8221;][vc_column]<div  class=\"hero-slider hero-slider--booking style1 hero-slider__small\" data-autoplay=\"false\" data-loop=\"false\" data-speed=\"5000\"><div class=\"hero-slider__items\"><div class=\"hero-slider__item\" style=\"background-image: url(https:\/\/stelladitaliaflorence.com\/wp-content\/uploads\/2023\/10\/Details-breakfast-2.jpg);\"><div class=\"hero-slider__wrap jumbotron-text__content\"><div class=\"subtitle subtitle--slider\"><\/div><div class=\"title title--slider\"><\/div><\/div><\/div><\/div><div class=\"hero-additional\"><div class=\"container\"><div id=\"hotel-booking-search-69e1d963c685c\" class=\"hotel-booking-search\">\n\t\n\t<form  name=\"hb-search-form\"\n\t\t\t\t\t\t\t\t\t\t\t\t\t\t\t\t\t\t\t\t\taction=\"https:\/\/stelladitaliaflorence.com\/?page_id=1900\"\n\t\t\t\t\t\t\t\t\t\t\t\t\t\t\t\t\t\t\t\t\tclass=\"hb-search-form-69e1d963c6855\">\n\t\t<ul class=\"hb-form-table\">\n\t\t\t<li class=\"hb-form-field\">\n\t\t\t\t<label>Date d\u2019arriv\u00e9e<\/label>\t\t\t\t<div class=\"hb-form-field-input hb_input_field\">\n\t\t\t\t\t<input type=\"text\" name=\"check_in_date\" id=\"check_in_date_69e1d963c6855\"\n\t\t\t\t\t\t\tclass=\"hb_input_date_check\" value=\"\"\n\t\t\t\t\t\t\tplaceholder=\"Date d\u2019arriv\u00e9e\"\n\t\t\t\t\t\t\tautocomplete=\"off\"\/>\n\t\t\t\t<\/div>\n\t\t\t<\/li>\n\n\t\t\t<li class=\"hb-form-field\">\n\t\t\t\t<label>Date de d\u00e9part<\/label>\t\t\t\t<div class=\"hb-form-field-input hb_input_field\">\n\t\t\t\t\t<input type=\"text\" name=\"check_out_date\" id=\"check_out_date_69e1d963c6855\"\n\t\t\t\t\t\t\tclass=\"hb_input_date_check\" value=\"\"\n\t\t\t\t\t\t\tplaceholder=\"Date de d\u00e9part\"\n\t\t\t\t\t\t\tautocomplete=\"off\"\/>\n\t\t\t\t<\/div>\n\t\t\t<\/li>\n\n\t\t\t<li class=\"hb-form-field\">\n\t\t\t\t<label>Adultes<\/label>\t\t\t\t<div class=\"hb-form-field-input\">\n\t\t\t\t\t<select name=\"adults_capacity\" ><option value=\"\">Adultes<\/option><option value=\"1\">1<\/option><option value=\"2\">2<\/option><option value=\"3\">3<\/option><option value=\"4\">4<\/option><option value=\"5\">5<\/option><option value=\"6\">6<\/option><option value=\"7\">7<\/option><option value=\"8\">8<\/option><option value=\"9\">9<\/option><option value=\"10\">10<\/option><\/select>\t\t\t\t<\/div>\n\t\t\t<\/li>\n\n\t\t\t<li class=\"hb-form-field\">\n\t\t\t\t<label>Enfants<\/label>\t\t\t\t<div class=\"hb-form-field-input\">\n\t\t\t\t\t<select name=\"max_child\" ><option value=\"\">Enfants<\/option><option value=\"1\">1<\/option><option value=\"2\">2<\/option><\/select>\t\t\t\t<\/div>\n\t\t\t<\/li>\n\t\t<\/ul>\n\t\t<input type=\"hidden\" id=\"nonce\" name=\"nonce\" value=\"d7b63ddc6a\" \/><input type=\"hidden\" name=\"_wp_http_referer\" value=\"\/fr\/wp-json\/wp\/v2\/pages\/4442\" \/>\t\t<input type=\"hidden\" name=\"hotel-booking\" value=\"results\"\/>\n\t\t<input type=\"hidden\" name=\"widget-search\"\n\t\t\t\tvalue=\"\"\/>\n\t\t<input type=\"hidden\" name=\"action\" value=\"hotel_booking_parse_search_params\"\/>\n\t\t<input type=\"hidden\" name=\"paged\" value=\"1\"\/>\n\t\t<p class=\"hb-submit\">\n\t\t\t<button type=\"submit\" class=\"wphb-button\">Voir les disponibilit\u00e9s<\/button>\n\t\t<\/p>\n\t<\/form>\n\t<\/div>\n<\/div><\/div><\/div>[\/vc_column][\/vc_row]<\/p>\n<\/section>","protected":false},"excerpt":{"rendered":"<p>[vc_row][vc_column][\/vc_column][\/vc_row][vc_row][vc_column width=&#8221;1\/3&#8243;][\/vc_column][vc_column width=&#8221;2\/3&#8243;][vc_single_image image=&#8221;4484&#8243; img_size=&#8221;full&#8221; alignment=&#8221;center&#8221;][\/vc_column][\/vc_row][vc_row][vc_column][\/vc_column][\/vc_row][vc_row][vc_column width=&#8221;2\/3&#8243;][vc_single_image image=&#8221;4483&#8243; img_size=&#8221;full&#8221; alignment=&#8221;center&#8221;][\/vc_column][vc_column width=&#8221;1\/3&#8243;][\/vc_column][\/vc_row][vc_row][vc_column][\/vc_column][\/vc_row][vc_row][vc_column width=&#8221;1\/3&#8243;][\/vc_column][vc_column width=&#8221;2\/3&#8243;][vc_single_image image=&#8221;4485&#8243; img_size=&#8221;full&#8221; alignment=&#8221;center&#8221;][\/vc_column][\/vc_row][vc_row][vc_column][\/vc_column][\/vc_row][vc_row disable_element=&#8221;yes&#8221;][vc_column width=&#8221;2\/3&#8243;][\/vc_column][vc_column width=&#8221;1\/3&#8243;][\/vc_column][\/vc_row][vc_row full_width=&#8221;stretch_row_content_no_spaces&#8221;][vc_column][\/vc_column][\/vc_row]<\/p>\n","protected":false},"author":1,"featured_media":0,"parent":0,"menu_order":0,"comment_status":"closed","ping_status":"closed","template":"","meta":{"footnotes":""},"class_list":["post-4442","page","type-page","status-publish","hentry"],"_links":{"self":[{"href":"https:\/\/stelladitaliaflorence.com\/fr\/wp-json\/wp\/v2\/pages\/4442","targetHints":{"allow":["GET"]}}],"collection":[{"href":"https:\/\/stelladitaliaflorence.com\/fr\/wp-json\/wp\/v2\/pages"}],"about":[{"href":"https:\/\/stelladitaliaflorence.com\/fr\/wp-json\/wp\/v2\/types\/page"}],"author":[{"embeddable":true,"href":"https:\/\/stelladitaliaflorence.com\/fr\/wp-json\/wp\/v2\/users\/1"}],"replies":[{"embeddable":true,"href":"https:\/\/stelladitaliaflorence.com\/fr\/wp-json\/wp\/v2\/comments?post=4442"}],"version-history":[{"count":6,"href":"https:\/\/stelladitaliaflorence.com\/fr\/wp-json\/wp\/v2\/pages\/4442\/revisions"}],"predecessor-version":[{"id":4709,"href":"https:\/\/stelladitaliaflorence.com\/fr\/wp-json\/wp\/v2\/pages\/4442\/revisions\/4709"}],"wp:attachment":[{"href":"https:\/\/stelladitaliaflorence.com\/fr\/wp-json\/wp\/v2\/media?parent=4442"}],"curies":[{"name":"wp","href":"https:\/\/api.w.org\/{rel}","templated":true}]}}