{"id":4489,"date":"2018-04-27T14:55:45","date_gmt":"2018-04-27T14:55:45","guid":{"rendered":"https:\/\/stelladitaliaflorence.com\/contatti\/"},"modified":"2025-10-06T09:43:21","modified_gmt":"2025-10-06T07:43:21","slug":"contacts","status":"publish","type":"page","link":"https:\/\/stelladitaliaflorence.com\/fr\/contacts\/","title":{"rendered":"Contacts"},"content":{"rendered":"<section class=\"wpb-content-wrapper\"><p>[vc_row full_width=&#8221;stretch_row_content_no_spaces&#8221;][vc_column][vc_raw_html]JTNDaWZyYW1lJTIwc3JjJTNEJTIyaHR0cHMlM0ElMkYlMkZ3d3cuZ29vZ2xlLmNvbSUyRm1hcHMlMkZlbWJlZCUzRnBiJTNEJTIxMW0xOCUyMTFtMTIlMjExbTMlMjExZDI4ODEuMDk2Mjk2MDIyMjAxJTIxMmQxMS4yNDg2OTU0NzU3OTI1NSUyMTNkNDMuNzcwODU5ODcxMDk2NzYlMjEybTMlMjExZjAlMjEyZjAlMjEzZjAlMjEzbTIlMjExaTEwMjQlMjEyaTc2OCUyMTRmMTMuMSUyMTNtMyUyMTFtMiUyMTFzMHgxMzJhNTc1NWU4NDU4NTU3JTI1M0EweGNjMmEyN2Q0MTJkOTEwZTklMjEyc1N0ZWxsYSUyNTIwZCUyNiUyMzM5JTNCSXRhbGlhJTIxNWUwJTIxM20yJTIxMXNpdCUyMTJzaXQlMjE0djE3NTk3MzY0ODYxMDElMjE1bTIlMjExc2l0JTIxMnNpdCUyMiUyMHdpZHRoJTNEJTIyMTAwJTI1JTIyJTIwaGVpZ2h0JTNEJTIyNDUwJTIyJTIwc3R5bGUlM0QlMjJib3JkZXIlM0EwJTNCJTIyJTIwYWxsb3dmdWxsc2NyZWVuJTNEJTIyJTIyJTIwbG9hZGluZyUzRCUyMmxhenklMjIlMjByZWZlcnJlcnBvbGljeSUzRCUyMm5vLXJlZmVycmVyLXdoZW4tZG93bmdyYWRlJTIyJTNFJTNDJTJGaWZyYW1lJTNF[\/vc_raw_html][\/vc_column][\/vc_row][vc_row][vc_column]<div  class=\"empty-space  marg-lg-b60 marg-xs-b50\"><\/div>[\/vc_column][\/vc_row][vc_row][vc_column width=&#8221;1\/2&#8243;]<div  class=\"main-heading\"><span class=\"subtitle\" style=\"color:#666666;\">Stella d&#039;Italia - Florence<\/span><h2 class=\"title\" style=\"color:#111111;\">Contactez-nous<\/h2><\/div><div  class=\"empty-space  marg-lg-b25\"><\/div><div class=\"text-block \" ><div class=\"simple-text \"><p>Via Tornabuoni 7<\/p>\n<p>50123 &#8211; Florence<\/p>\n<p>Tel: <a href=\"tel:+390550106659\">(+39) 055 010 6659<\/a><\/p>\n<p>Email: <a href=\"mailto:info@stelladitaliaflorence.com\">info@stelladitaliaflorence.com<\/a><\/p>\n<\/div><\/div><div  class=\"empty-space  marg-lg-b25\"><\/div>[\/vc_column][vc_column width=&#8221;1\/2&#8243;]<div  class=\"main-heading\"><span class=\"subtitle\" style=\"color:#666666;\">Suggestions<\/span><h2 class=\"title\" style=\"color:#111111;\">Comment arriver \u00e0 Stella d&#039;Italia<\/h2><\/div><div  class=\"empty-space  marg-lg-b25\"><\/div><div class=\"text-block \" ><div class=\"simple-text \"><p><strong>En avion. <\/strong>Nous sommes \u00e0 environ 6 km de l\u2019A\u00e9roport Amerigo Vespucci de Florence. Il existe des navettes qui vous emm\u00e8nent directement en ville, une ligne de tramway directe (Ligne 2), ou vous pouvez prendre un taxi pour rejoindre l\u2019h\u00f4tel pour environ 25 euros. Atterrir \u00e0 l\u2019a\u00e9roport Galileo Galilei de Pise est \u00e9galement une autre option.<\/p>\n<p><strong>En voiture. <\/strong>Si vous arrivez en voiture, nous offrons la possibilit\u00e9 de garer votre v\u00e9hicule dans un garage s\u00e9curis\u00e9 pr\u00e8s de l\u2019h\u00f4tel pour environ 30 euros par jour. Vous \u00e9viterez ainsi d\u2019avoir \u00e0 payer une amende pour \u00eatre entr\u00e9 dans le centre historique sans autorisation. Faites-nous savoir votre heure d\u2019arriv\u00e9e, et nous nous occuperons de tout le reste.<\/p>\n<p><strong>En train. <\/strong>Si vous arrivez \u00e0 la station Santa Maria Novella, v\u00e9ritable bijou de l\u2019architecture rationaliste, vous \u00eates \u00e0 seulement 1 km de l\u2019h\u00f4tel, soit 5 minutes en taxi ou 13 minutes \u00e0 pied.<\/p>\n<\/div><\/div><div  class=\"empty-space  marg-lg-b25\"><\/div>[\/vc_column][\/vc_row][vc_row][vc_column]<div  class=\"empty-space  marg-lg-b75 marg-xs-b50\"><\/div>[\/vc_column][\/vc_row][vc_row full_width=&#8221;stretch_row_content_no_spaces&#8221;][vc_column]<div  class=\"hero-slider hero-slider--booking style1 hero-slider__small\" data-autoplay=\"false\" data-loop=\"false\" data-speed=\"5000\"><div class=\"hero-slider__items\"><div class=\"hero-slider__item\" style=\"background-image: url(https:\/\/stelladitaliaflorence.com\/wp-content\/uploads\/2023\/11\/Stella-dItalia-ph-Ilaria-Costanzo-1017.jpg);\"><div class=\"hero-slider__wrap jumbotron-text__content\"><div class=\"subtitle subtitle--slider\"><\/div><div class=\"title title--slider\"><\/div><\/div><\/div><\/div><div class=\"hero-additional\"><div class=\"container\"><div id=\"hotel-booking-search-69e1d963bb2b8\" class=\"hotel-booking-search\">\n\t\n\t<form  name=\"hb-search-form\"\n\t\t\t\t\t\t\t\t\t\t\t\t\t\t\t\t\t\t\t\t\taction=\"https:\/\/stelladitaliaflorence.com\/?page_id=1900\"\n\t\t\t\t\t\t\t\t\t\t\t\t\t\t\t\t\t\t\t\t\tclass=\"hb-search-form-69e1d963bb2b2\">\n\t\t<ul class=\"hb-form-table\">\n\t\t\t<li class=\"hb-form-field\">\n\t\t\t\t<label>Date d\u2019arriv\u00e9e<\/label>\t\t\t\t<div class=\"hb-form-field-input hb_input_field\">\n\t\t\t\t\t<input type=\"text\" name=\"check_in_date\" id=\"check_in_date_69e1d963bb2b2\"\n\t\t\t\t\t\t\tclass=\"hb_input_date_check\" value=\"\"\n\t\t\t\t\t\t\tplaceholder=\"Date d\u2019arriv\u00e9e\"\n\t\t\t\t\t\t\tautocomplete=\"off\"\/>\n\t\t\t\t<\/div>\n\t\t\t<\/li>\n\n\t\t\t<li class=\"hb-form-field\">\n\t\t\t\t<label>Date de d\u00e9part<\/label>\t\t\t\t<div class=\"hb-form-field-input hb_input_field\">\n\t\t\t\t\t<input type=\"text\" name=\"check_out_date\" id=\"check_out_date_69e1d963bb2b2\"\n\t\t\t\t\t\t\tclass=\"hb_input_date_check\" value=\"\"\n\t\t\t\t\t\t\tplaceholder=\"Date de d\u00e9part\"\n\t\t\t\t\t\t\tautocomplete=\"off\"\/>\n\t\t\t\t<\/div>\n\t\t\t<\/li>\n\n\t\t\t<li class=\"hb-form-field\">\n\t\t\t\t<label>Adultes<\/label>\t\t\t\t<div class=\"hb-form-field-input\">\n\t\t\t\t\t<select name=\"adults_capacity\" ><option value=\"\">Adultes<\/option><option value=\"1\">1<\/option><option value=\"2\">2<\/option><option value=\"3\">3<\/option><option value=\"4\">4<\/option><option value=\"5\">5<\/option><option value=\"6\">6<\/option><option value=\"7\">7<\/option><option value=\"8\">8<\/option><option value=\"9\">9<\/option><option value=\"10\">10<\/option><\/select>\t\t\t\t<\/div>\n\t\t\t<\/li>\n\n\t\t\t<li class=\"hb-form-field\">\n\t\t\t\t<label>Enfants<\/label>\t\t\t\t<div class=\"hb-form-field-input\">\n\t\t\t\t\t<select name=\"max_child\" ><option value=\"\">Enfants<\/option><option value=\"1\">1<\/option><option value=\"2\">2<\/option><\/select>\t\t\t\t<\/div>\n\t\t\t<\/li>\n\t\t<\/ul>\n\t\t<input type=\"hidden\" id=\"nonce\" name=\"nonce\" value=\"d7b63ddc6a\" \/><input type=\"hidden\" name=\"_wp_http_referer\" value=\"\/fr\/wp-json\/wp\/v2\/pages\/4489\" \/>\t\t<input type=\"hidden\" name=\"hotel-booking\" value=\"results\"\/>\n\t\t<input type=\"hidden\" name=\"widget-search\"\n\t\t\t\tvalue=\"\"\/>\n\t\t<input type=\"hidden\" name=\"action\" value=\"hotel_booking_parse_search_params\"\/>\n\t\t<input type=\"hidden\" name=\"paged\" value=\"1\"\/>\n\t\t<p class=\"hb-submit\">\n\t\t\t<button type=\"submit\" class=\"wphb-button\">Voir les disponibilit\u00e9s<\/button>\n\t\t<\/p>\n\t<\/form>\n\t<\/div>\n<\/div><\/div><\/div>[\/vc_column][\/vc_row]<\/p>\n<\/section>","protected":false},"excerpt":{"rendered":"<p>[vc_row full_width=&#8221;stretch_row_content_no_spaces&#8221;][vc_column][vc_raw_html]JTNDaWZyYW1lJTIwc3JjJTNEJTIyaHR0cHMlM0ElMkYlMkZ3d3cuZ29vZ2xlLmNvbSUyRm1hcHMlMkZlbWJlZCUzRnBiJTNEJTIxMW0xOCUyMTFtMTIlMjExbTMlMjExZDI4ODEuMDk2Mjk2MDIyMjAxJTIxMmQxMS4yNDg2OTU0NzU3OTI1NSUyMTNkNDMuNzcwODU5ODcxMDk2NzYlMjEybTMlMjExZjAlMjEyZjAlMjEzZjAlMjEzbTIlMjExaTEwMjQlMjEyaTc2OCUyMTRmMTMuMSUyMTNtMyUyMTFtMiUyMTFzMHgxMzJhNTc1NWU4NDU4NTU3JTI1M0EweGNjMmEyN2Q0MTJkOTEwZTklMjEyc1N0ZWxsYSUyNTIwZCUyNiUyMzM5JTNCSXRhbGlhJTIxNWUwJTIxM20yJTIxMXNpdCUyMTJzaXQlMjE0djE3NTk3MzY0ODYxMDElMjE1bTIlMjExc2l0JTIxMnNpdCUyMiUyMHdpZHRoJTNEJTIyMTAwJTI1JTIyJTIwaGVpZ2h0JTNEJTIyNDUwJTIyJTIwc3R5bGUlM0QlMjJib3JkZXIlM0EwJTNCJTIyJTIwYWxsb3dmdWxsc2NyZWVuJTNEJTIyJTIyJTIwbG9hZGluZyUzRCUyMmxhenklMjIlMjByZWZlcnJlcnBvbGljeSUzRCUyMm5vLXJlZmVycmVyLXdoZW4tZG93bmdyYWRlJTIyJTNFJTNDJTJGaWZyYW1lJTNF[\/vc_raw_html][\/vc_column][\/vc_row][vc_row][vc_column][\/vc_column][\/vc_row][vc_row][vc_column width=&#8221;1\/2&#8243;][\/vc_column][vc_column width=&#8221;1\/2&#8243;][\/vc_column][\/vc_row][vc_row][vc_column][\/vc_column][\/vc_row][vc_row full_width=&#8221;stretch_row_content_no_spaces&#8221;][vc_column][\/vc_column][\/vc_row]<\/p>\n","protected":false},"author":1,"featured_media":0,"parent":0,"menu_order":0,"comment_status":"closed","ping_status":"closed","template":"","meta":{"footnotes":""},"class_list":["post-4489","page","type-page","status-publish","hentry"],"_links":{"self":[{"href":"https:\/\/stelladitaliaflorence.com\/fr\/wp-json\/wp\/v2\/pages\/4489","targetHints":{"allow":["GET"]}}],"collection":[{"href":"https:\/\/stelladitaliaflorence.com\/fr\/wp-json\/wp\/v2\/pages"}],"about":[{"href":"https:\/\/stelladitaliaflorence.com\/fr\/wp-json\/wp\/v2\/types\/page"}],"author":[{"embeddable":true,"href":"https:\/\/stelladitaliaflorence.com\/fr\/wp-json\/wp\/v2\/users\/1"}],"replies":[{"embeddable":true,"href":"https:\/\/stelladitaliaflorence.com\/fr\/wp-json\/wp\/v2\/comments?post=4489"}],"version-history":[{"count":5,"href":"https:\/\/stelladitaliaflorence.com\/fr\/wp-json\/wp\/v2\/pages\/4489\/revisions"}],"predecessor-version":[{"id":4716,"href":"https:\/\/stelladitaliaflorence.com\/fr\/wp-json\/wp\/v2\/pages\/4489\/revisions\/4716"}],"wp:attachment":[{"href":"https:\/\/stelladitaliaflorence.com\/fr\/wp-json\/wp\/v2\/media?parent=4489"}],"curies":[{"name":"wp","href":"https:\/\/api.w.org\/{rel}","templated":true}]}}