{"id":4491,"date":"2018-04-18T12:18:31","date_gmt":"2018-04-18T12:18:31","guid":{"rendered":"https:\/\/stelladitaliaflorence.com\/camere-boutique-hotel\/"},"modified":"2025-04-11T15:01:54","modified_gmt":"2025-04-11T13:01:54","slug":"chambres-boutique-hotel","status":"publish","type":"page","link":"https:\/\/stelladitaliaflorence.com\/fr\/chambres-boutique-hotel\/","title":{"rendered":"Chambres"},"content":{"rendered":"<section class=\"wpb-content-wrapper\"><p>[vc_row][vc_column width=&#8221;5\/6&#8243; el_class=&#8221;left-text&#8221;]<div  class=\"main-heading\"><span class=\"subtitle\">VIA TORNABUONI 7<\/span><h2 class=\"title\" style=\"color:#111111;\">Au c\u0153ur \u00e9l\u00e9gant de Florence<\/h2><\/div><div  class=\"empty-space  marg-lg-b25 marg-xs-b50\"><\/div><div class=\"text-block \" ><div class=\"simple-text \"><p>R\u00e9parties sur les trois \u00e9tages sup\u00e9rieurs d\u2019un palais du XVIe si\u00e8cle, reli\u00e9es par un escalier int\u00e9rieur, de charmants couloirs et un ascenseur, les 24 chambres pr\u00e9sentent chacune un caract\u00e8re, un mobilier et une vue uniques.<br \/>\nCertaines donnent sur des cours int\u00e9rieures paisibles, d\u2019autres sur des terrasses priv\u00e9es surplombant les toits en terre cuite de Florence, d\u2019autres encore dominent l\u2019\u00e9l\u00e9gante Via Tornabuoni.<br \/>\nChaque chambre conserve ses caract\u00e9ristiques originales, ses meubles embl\u00e9matiques et ses d\u00e9tails \u00e9clectiques.<br \/>\nToutes sont \u00e9quip\u00e9es d\u2019une bouilloire, d\u2019une machine \u00e0 caf\u00e9 espresso, d\u2019une t\u00e9l\u00e9vision HD, du Wi-Fi gratuit, d\u2019un t\u00e9l\u00e9phone, de chaussons et de produits de toilette Lorenzo Villoresi.<br \/>\nCertaines disposent \u00e9galement d\u2019une baignoire ind\u00e9pendante dans la chambre en plus d\u2019une douche dans la salle de bain, d\u2019autres b\u00e9n\u00e9ficient de terrasses priv\u00e9es.<\/p>\n<\/div><\/div><div  class=\"empty-space  marg-lg-b25 marg-xs-b50\"><\/div><div  class=\"main-heading\"><span class=\"subtitle\">ESPACES<\/span><h2 class=\"title\" style=\"color:#111111;\">Les Chambres<\/h2><\/div>[\/vc_column][vc_column width=&#8221;1\/6&#8243;][\/vc_column][\/vc_row][vc_row css=&#8221;.vc_custom_1699349919851{margin-top: 40px !important;margin-bottom: 100px !important;}&#8221;][vc_column css=&#8221;.vc_custom_1699350252461{padding-right: 0px !important;padding-left: 0px !important;}&#8221;]<div class=\"text-block \" ><div class=\"simple-text \">\t\t<div class=\"container room-container\">\n\t\t\t\t<div class=\"sort-by-wrapper\">\n\t\t\t\t<div class=\"show-number\">\n\t\t\tShowing the last items of 8 results.\t\t<\/div>\n\n\t\t<div class=\"sort-by\">\n\t\t\t<span class=\"sort-by__label\">Sort By :<\/span>\n\t\t\t<div class=\"select\">\n\t\t\t\t<div class=\"toggle\">\n\t\t\t\t\tDefault (Newest)\t\t\t\t<\/div>\n\t\t\t\t<ul class=\"sort-by__list\">\n\t\t\t\t\t\t\t\t\t\t\t<li class=\"sort-by__list-item active\" data-value=\"date-desc\">\n\t\t\t\t\t\t\tDefault (Newest)\t\t\t\t\t\t<\/li>\n\t\t\t\t\t\t\t\t\t\t\t\t<li class=\"sort-by__list-item\" data-value=\"date-asc\">\n\t\t\t\t\t\t\tOldest\t\t\t\t\t\t<\/li>\n\t\t\t\t\t\t\t\t\t\t\t\t<li class=\"sort-by__list-item\" data-value=\"title-asc\">\n\t\t\t\t\t\t\tA to Z\t\t\t\t\t\t<\/li>\n\t\t\t\t\t\t\t\t\t\t\t\t<li class=\"sort-by__list-item\" data-value=\"title-desc\">\n\t\t\t\t\t\t\tZ to A\t\t\t\t\t\t<\/li>\n\t\t\t\t\t\t\t\t\t\t<\/ul>\n\t\t\t<\/div>\n\t\t<\/div>\n\t\t\t<\/div>\n\n<div class=\"rooms tp-hotel-booking hb-catalog-column-4\">\n<div id=\"room-4155\" class=\"rooms-slider__item post-4155 hb_room type-hb_room status-publish has-post-thumbnail hentry hb_room_type-stelladitalia-fr hb_room_type-superior-fr\">\n\n  \n    <a href=\"https:\/\/stelladitaliaflorence.com\/fr\/rooms\/superior\/\" class=\"room-slider__anchor\">\n\n      <div class=\"summary rooms-slider__item-wrap entry-summary\">\n\n      <div class=\"rooms-slider__image\">\n\t<img loading=\"lazy\" decoding=\"async\" src=\"https:\/\/stelladitaliaflorence.com\/wp-content\/uploads\/2023\/11\/stella-ditalia-ph-Ilaria-Costanzo-46-270x270.jpg\" width=\"270\" height=\"270\" alt=\"\"\/><\/div><h3 class=\"rooms-slider__title\">Superior<\/h3>\n\n\t  <div class=\"rooms-slider__price\">Starting from &#36;0.0\/night<\/div>\n\n      <\/div><!-- .summary -->\n\n    \n  <\/a>\n\n<\/div>\n\n\n<div id=\"room-4234\" class=\"rooms-slider__item post-4234 hb_room type-hb_room status-publish has-post-thumbnail hentry hb_room_type-deluxe-fr hb_room_type-stelladitalia-fr\">\n\n  \n    <a href=\"https:\/\/stelladitaliaflorence.com\/fr\/rooms\/deluxe\/\" class=\"room-slider__anchor\">\n\n      <div class=\"summary rooms-slider__item-wrap entry-summary\">\n\n      <div class=\"rooms-slider__image\">\n\t<img loading=\"lazy\" decoding=\"async\" src=\"https:\/\/stelladitaliaflorence.com\/wp-content\/uploads\/2018\/05\/Stella-dItalia-ph-Ilaria-Costanzo-48-270x270.jpg\" width=\"270\" height=\"270\" alt=\"\"\/><\/div><h3 class=\"rooms-slider__title\">Deluxe<\/h3>\n\n\t  <div class=\"rooms-slider__price\">Starting from &#36;0.0\/night<\/div>\n\n      <\/div><!-- .summary -->\n\n    \n  <\/a>\n\n<\/div>\n\n\n<div id=\"room-4211\" class=\"rooms-slider__item post-4211 hb_room type-hb_room status-publish has-post-thumbnail hentry hb_room_type-deluxe-with-a-view-fr hb_room_type-stelladitalia-fr\">\n\n  \n    <a href=\"https:\/\/stelladitaliaflorence.com\/fr\/rooms\/deluxe-avec-vue\/\" class=\"room-slider__anchor\">\n\n      <div class=\"summary rooms-slider__item-wrap entry-summary\">\n\n      <div class=\"rooms-slider__image\">\n\t<img loading=\"lazy\" decoding=\"async\" src=\"https:\/\/stelladitaliaflorence.com\/wp-content\/uploads\/2023\/11\/Stella-dItalia-ph-Ilaria-Costanzo-8565-270x270.jpg\" width=\"270\" height=\"270\" alt=\"\"\/><\/div><h3 class=\"rooms-slider__title\">Deluxe avec vue<\/h3>\n\n\t  <div class=\"rooms-slider__price\">Starting from &#36;0.0\/night<\/div>\n\n      <\/div><!-- .summary -->\n\n    \n  <\/a>\n\n<\/div>\n\n\n<div id=\"room-4200\" class=\"rooms-slider__item post-4200 hb_room type-hb_room status-publish has-post-thumbnail hentry hb_room_type-deluxe-with-terrace-fr hb_room_type-stelladitalia-fr\">\n\n  \n    <a href=\"https:\/\/stelladitaliaflorence.com\/fr\/rooms\/superior-avec-terrasse\/\" class=\"room-slider__anchor\">\n\n      <div class=\"summary rooms-slider__item-wrap entry-summary\">\n\n      <div class=\"rooms-slider__image\">\n\t<img loading=\"lazy\" decoding=\"async\" src=\"https:\/\/stelladitaliaflorence.com\/wp-content\/uploads\/2023\/11\/Stella-dItalia-ph-Ilaria-Costanzo-1315-270x270.jpg\" width=\"270\" height=\"270\" alt=\"\"\/><\/div><h3 class=\"rooms-slider__title\">Superior avec terrasse<\/h3>\n\n\t  <div class=\"rooms-slider__price\">Starting from &#36;0.0\/night<\/div>\n\n      <\/div><!-- .summary -->\n\n    \n  <\/a>\n\n<\/div>\n\n\n<div id=\"room-4192\" class=\"rooms-slider__item post-4192 hb_room type-hb_room status-publish has-post-thumbnail hentry hb_room_type-junior-suite-fr hb_room_type-stelladitalia-fr\">\n\n  \n    <a href=\"https:\/\/stelladitaliaflorence.com\/fr\/rooms\/junior-suite\/\" class=\"room-slider__anchor\">\n\n      <div class=\"summary rooms-slider__item-wrap entry-summary\">\n\n      <div class=\"rooms-slider__image\">\n\t<img loading=\"lazy\" decoding=\"async\" src=\"https:\/\/stelladitaliaflorence.com\/wp-content\/uploads\/2023\/11\/stella-ditalia-ph-Ilaria-Costanzo-55-270x270.jpg\" width=\"270\" height=\"270\" alt=\"\"\/><\/div><h3 class=\"rooms-slider__title\">Junior Suite<\/h3>\n\n\t  <div class=\"rooms-slider__price\">Starting from &#36;0.0\/night<\/div>\n\n      <\/div><!-- .summary -->\n\n    \n  <\/a>\n\n<\/div>\n\n\n<div id=\"room-4184\" class=\"rooms-slider__item post-4184 hb_room type-hb_room status-publish has-post-thumbnail hentry hb_room_type-junior-suite-with-a-view-fr hb_room_type-stelladitalia-fr\">\n\n  \n    <a href=\"https:\/\/stelladitaliaflorence.com\/fr\/rooms\/suite-avec-vue\/\" class=\"room-slider__anchor\">\n\n      <div class=\"summary rooms-slider__item-wrap entry-summary\">\n\n      <div class=\"rooms-slider__image\">\n\t<img loading=\"lazy\" decoding=\"async\" src=\"https:\/\/stelladitaliaflorence.com\/wp-content\/uploads\/2023\/11\/Stella-dItalia-ph-Ilaria-Costanzo-1462-270x270.jpg\" width=\"270\" height=\"270\" alt=\"\"\/><\/div><h3 class=\"rooms-slider__title\">Suite avec vue<\/h3>\n\n\t  <div class=\"rooms-slider__price\">Starting from &#36;0.0\/night<\/div>\n\n      <\/div><!-- .summary -->\n\n    \n  <\/a>\n\n<\/div>\n\n\n<div id=\"room-4176\" class=\"rooms-slider__item post-4176 hb_room type-hb_room status-publish has-post-thumbnail hentry hb_room_type-stelladitalia-fr hb_room_type-suite-fr\">\n\n  \n    <a href=\"https:\/\/stelladitaliaflorence.com\/fr\/rooms\/suite\/\" class=\"room-slider__anchor\">\n\n      <div class=\"summary rooms-slider__item-wrap entry-summary\">\n\n      <div class=\"rooms-slider__image\">\n\t<img loading=\"lazy\" decoding=\"async\" src=\"https:\/\/stelladitaliaflorence.com\/wp-content\/uploads\/2023\/11\/Stella-dItalia-ph-Ilaria-Costanzo-1339-270x270.jpg\" width=\"270\" height=\"270\" alt=\"\"\/><\/div><h3 class=\"rooms-slider__title\">Suite<\/h3>\n\n\t  <div class=\"rooms-slider__price\">Starting from &#36;0.0\/night<\/div>\n\n      <\/div><!-- .summary -->\n\n    \n  <\/a>\n\n<\/div>\n\n\n<div id=\"room-4210\" class=\"rooms-slider__item post-4210 hb_room type-hb_room status-publish has-post-thumbnail hentry hb_room_type-stelladitalia-fr hb_room_type-suite-deluxe-fr\">\n\n  \n    <a href=\"https:\/\/stelladitaliaflorence.com\/fr\/rooms\/suite-deluxe\/\" class=\"room-slider__anchor\">\n\n      <div class=\"summary rooms-slider__item-wrap entry-summary\">\n\n      <div class=\"rooms-slider__image\">\n\t<img loading=\"lazy\" decoding=\"async\" src=\"https:\/\/stelladitaliaflorence.com\/wp-content\/uploads\/2023\/11\/Stella-dItalia-ph-Ilaria-Costanzo-1000-270x270.jpg\" width=\"270\" height=\"270\" alt=\"\"\/><\/div><h3 class=\"rooms-slider__title\">Suite Deluxe<\/h3>\n\n\t  <div class=\"rooms-slider__price\">Starting from &#36;0.0\/night<\/div>\n\n      <\/div><!-- .summary -->\n\n    \n  <\/a>\n\n<\/div>\n\n\n<\/div>\n\n\t\t<\/div>\n\t\t\n<\/div><\/div>[\/vc_column][\/vc_row][vc_row full_width=&#8221;stretch_row_content_no_spaces&#8221; css=&#8221;.vc_custom_1543509633280{margin-top: 100px !important;}&#8221;][vc_column]<div  class=\"hero-slider hero-slider--booking style1 hero-slider__big\" data-autoplay=\"false\" data-loop=\"false\" data-speed=\"5000\"><div class=\"hero-slider__items\"><div class=\"hero-slider__item\" style=\"background-image: url(https:\/\/stelladitaliaflorence.com\/wp-content\/uploads\/2023\/11\/ROOMS-stella-d-italia.jpg);\"><div class=\"hero-slider__wrap jumbotron-text__content\"><div class=\"subtitle subtitle--slider\"><\/div><div class=\"title title--slider\"><\/div><\/div><\/div><\/div><div class=\"hero-additional\"><div class=\"container\"><div id=\"hotel-booking-search-69e1d97bbcdbb\" class=\"hotel-booking-search\">\n\t\n\t<form  name=\"hb-search-form\"\n\t\t\t\t\t\t\t\t\t\t\t\t\t\t\t\t\t\t\t\t\taction=\"https:\/\/stelladitaliaflorence.com\/?page_id=1900\"\n\t\t\t\t\t\t\t\t\t\t\t\t\t\t\t\t\t\t\t\t\tclass=\"hb-search-form-69e1d97bbcdb8\">\n\t\t<ul class=\"hb-form-table\">\n\t\t\t<li class=\"hb-form-field\">\n\t\t\t\t<label>Date d\u2019arriv\u00e9e<\/label>\t\t\t\t<div class=\"hb-form-field-input hb_input_field\">\n\t\t\t\t\t<input type=\"text\" name=\"check_in_date\" id=\"check_in_date_69e1d97bbcdb8\"\n\t\t\t\t\t\t\tclass=\"hb_input_date_check\" value=\"\"\n\t\t\t\t\t\t\tplaceholder=\"Date d\u2019arriv\u00e9e\"\n\t\t\t\t\t\t\tautocomplete=\"off\"\/>\n\t\t\t\t<\/div>\n\t\t\t<\/li>\n\n\t\t\t<li class=\"hb-form-field\">\n\t\t\t\t<label>Date de d\u00e9part<\/label>\t\t\t\t<div class=\"hb-form-field-input hb_input_field\">\n\t\t\t\t\t<input type=\"text\" name=\"check_out_date\" id=\"check_out_date_69e1d97bbcdb8\"\n\t\t\t\t\t\t\tclass=\"hb_input_date_check\" value=\"\"\n\t\t\t\t\t\t\tplaceholder=\"Date de d\u00e9part\"\n\t\t\t\t\t\t\tautocomplete=\"off\"\/>\n\t\t\t\t<\/div>\n\t\t\t<\/li>\n\n\t\t\t<li class=\"hb-form-field\">\n\t\t\t\t<label>Adultes<\/label>\t\t\t\t<div class=\"hb-form-field-input\">\n\t\t\t\t\t<select name=\"adults_capacity\" ><option value=\"\">Adultes<\/option><option value=\"1\">1<\/option><option value=\"2\">2<\/option><option value=\"3\">3<\/option><option value=\"4\">4<\/option><option value=\"5\">5<\/option><option value=\"6\">6<\/option><option value=\"7\">7<\/option><option value=\"8\">8<\/option><option value=\"9\">9<\/option><option value=\"10\">10<\/option><\/select>\t\t\t\t<\/div>\n\t\t\t<\/li>\n\n\t\t\t<li class=\"hb-form-field\">\n\t\t\t\t<label>Enfants<\/label>\t\t\t\t<div class=\"hb-form-field-input\">\n\t\t\t\t\t<select name=\"max_child\" ><option value=\"\">Enfants<\/option><option value=\"1\">1<\/option><option value=\"2\">2<\/option><\/select>\t\t\t\t<\/div>\n\t\t\t<\/li>\n\t\t<\/ul>\n\t\t<input type=\"hidden\" id=\"nonce\" name=\"nonce\" value=\"d7b63ddc6a\" \/><input type=\"hidden\" name=\"_wp_http_referer\" value=\"\/fr\/wp-json\/wp\/v2\/pages\/4491\" \/>\t\t<input type=\"hidden\" name=\"hotel-booking\" value=\"results\"\/>\n\t\t<input type=\"hidden\" name=\"widget-search\"\n\t\t\t\tvalue=\"\"\/>\n\t\t<input type=\"hidden\" name=\"action\" value=\"hotel_booking_parse_search_params\"\/>\n\t\t<input type=\"hidden\" name=\"paged\" value=\"1\"\/>\n\t\t<p class=\"hb-submit\">\n\t\t\t<button type=\"submit\" class=\"wphb-button\">Voir les disponibilit\u00e9s<\/button>\n\t\t<\/p>\n\t<\/form>\n\t<\/div>\n<\/div><\/div><\/div>[\/vc_column][\/vc_row]<\/p>\n<\/section>","protected":false},"excerpt":{"rendered":"<p>[vc_row][vc_column width=&#8221;5\/6&#8243; el_class=&#8221;left-text&#8221;][\/vc_column][vc_column width=&#8221;1\/6&#8243;][\/vc_column][\/vc_row][vc_row css=&#8221;.vc_custom_1699349919851{margin-top: 40px !important;margin-bottom: 100px !important;}&#8221;][vc_column css=&#8221;.vc_custom_1699350252461{padding-right: 0px !important;padding-left: 0px !important;}&#8221;][\/vc_column][\/vc_row][vc_row full_width=&#8221;stretch_row_content_no_spaces&#8221; css=&#8221;.vc_custom_1543509633280{margin-top: 100px !important;}&#8221;][vc_column][\/vc_column][\/vc_row]<\/p>\n","protected":false},"author":1,"featured_media":0,"parent":0,"menu_order":0,"comment_status":"closed","ping_status":"closed","template":"","meta":{"footnotes":""},"class_list":["post-4491","page","type-page","status-publish","hentry"],"_links":{"self":[{"href":"https:\/\/stelladitaliaflorence.com\/fr\/wp-json\/wp\/v2\/pages\/4491","targetHints":{"allow":["GET"]}}],"collection":[{"href":"https:\/\/stelladitaliaflorence.com\/fr\/wp-json\/wp\/v2\/pages"}],"about":[{"href":"https:\/\/stelladitaliaflorence.com\/fr\/wp-json\/wp\/v2\/types\/page"}],"author":[{"embeddable":true,"href":"https:\/\/stelladitaliaflorence.com\/fr\/wp-json\/wp\/v2\/users\/1"}],"replies":[{"embeddable":true,"href":"https:\/\/stelladitaliaflorence.com\/fr\/wp-json\/wp\/v2\/comments?post=4491"}],"version-history":[{"count":4,"href":"https:\/\/stelladitaliaflorence.com\/fr\/wp-json\/wp\/v2\/pages\/4491\/revisions"}],"predecessor-version":[{"id":4516,"href":"https:\/\/stelladitaliaflorence.com\/fr\/wp-json\/wp\/v2\/pages\/4491\/revisions\/4516"}],"wp:attachment":[{"href":"https:\/\/stelladitaliaflorence.com\/fr\/wp-json\/wp\/v2\/media?parent=4491"}],"curies":[{"name":"wp","href":"https:\/\/api.w.org\/{rel}","templated":true}]}}