{"id":2728,"date":"2018-11-23T15:11:13","date_gmt":"2018-11-23T14:11:13","guid":{"rendered":"https:\/\/www.adastraflorence.it\/privacy-policy\/"},"modified":"2023-12-12T15:39:25","modified_gmt":"2023-12-12T14:39:25","slug":"privacy-policy","status":"publish","type":"page","link":"https:\/\/stelladitaliaflorence.com\/it\/privacy-policy\/","title":{"rendered":"Privacy Policy"},"content":{"rendered":"<section class=\"wpb-content-wrapper\"><p>[vc_row][vc_column width=&#8221;3\/4&#8243;]<div class=\"text-block \" ><div class=\"simple-text \"><p><b>Legge sulla Privacy\u00a0<\/b><b>www.stelladitaliaflorence.com<\/b><\/p>\n<p><b>Nota informativa ai sensi dell\u00b4art.13 del Regolamento UE 2016\/679 \u2013 art.13 del DLgs 196\/2003 (Codice di protezione dei dati personali) e successive modifiche<\/b><\/p>\n<p>in applicazione del Regolamento Europeo n. 679 del 2016 de del D.Lgs. n. 196 del 2003 relativi alla protezione dei dati personali Le si comunica che Il Titolare del trattamento dei dati \u00e8\u00a0<b>Buongiorno\u00a0 \u00a0 srl via del Campuccio \u00a0 53\u00a0 50125 Firenze<\/b>\u00a0(di seguito definito \u201cil Titolare\u201d).<\/p>\n<p>I dati personali vengono trattati nel pieno rispetto del Regolamento UE 679\/2016 e del D.Lgs 196\/2003.<\/p>\n<p>I dati forniti da Lei (di seguito definito \u201cl\u00b4Interessato\u201d) saranno utilizzati al solo fine di dar seguito alle sue richieste e potranno essere comunicati a terzi solo nel caso in cui ci\u00f2 sia necessario a tal fine, o previo consenso esplicito dell\u00b4Interessato.<\/p>\n<p>Il trattamento dei dati avverr\u00e0, da parte di personale incaricato dal Titolare con procedure, strumenti tecnici e informatici idonei a tutelare la riservatezza e la sicurezza dei dati dell\u00b4Interessato e consiste nella loro raccolta, registrazione, organizzazione, conservazione, consultazione, elaborazione, modificazione, selezione, estrazione, raffronto, utilizzo, interconnessione, blocco, comunicazione, diffusione, cancellazione, distruzione degli stessi comprese la combinazione di due o pi\u00f9 delle attivit\u00e0 suddette.<\/p>\n<p>I dati saranno conservati per il tempo strettamente necessario a fornire all\u00b4Interessato i servizi richiesti e saranno in ogni caso eliminati a seguito di richiesta dell\u00b4Interessato, salvi ulteriori obblighi di conservazione previsti dalla legge. I dati dell\u00b4Interessato non saranno diffusi.<\/p>\n<p>Nell\u00b4ambito della sua attivit\u00e0 e per le finalit\u00e0 sopra indicate il Titolare potr\u00e0 avvalersi di servizi resi da soggetti terzi che operano per conto del Titolare e secondo le sue istruzioni, quali responsabili del trattamento. Si tratta di fornitori, partner commerciali e produttivi, intermediari, consulenti tecnici e medici e altri soggetti analoghi che collaborano con la nostra organizzazione per assolvere gli impegni contrattuali con lei assunti; soggetti che forniscono un servizio strettamente e necessariamente collegato all\u00b4attivit\u00e0 del Titolare quali consulenti fiscali, banche, spedizionieri, assicurazioni, enti pubblici e privati, anche relativamente a ispezioni o verifiche; soggetti che possono accedere ai dati in forza di disposizioni di legge.<\/p>\n<p>I dati potranno essere altres\u00ec comunicati a tutti quei soggetti autorizzati per legge alla loro raccolta (es. aziende provinciale per i servizi sanitari, amministrazione finanziaria ecc.)<\/p>\n<p>L\u00b4Interessato potr\u00e0 richiedere un elenco completo e aggiornato dei soggetti nominati responsabili del trattamento rivolgendosi al contatto sotto indicato.<\/p>\n<p>I dati potranno essere trasferiti all\u00b4interno della Unione Europea, ove il Titolare o i suoi fornitori e collaboratori abbiano sede o abbiano i propri server.\u00a0<b>I dati non saranno trasferiti fuori dalla Unione Europea<\/b>.<\/p>\n<p><b>Diritti dell\u00b4interessato<\/b><\/p>\n<p><b>Diritto di accesso (art. 15 GDPR).<\/b>\u00a0Diritto dell\u00b4Interessato ad ottenere l\u00b4accesso ai propri dati e di porre reclamo all\u00b4autorit\u00e0 di controllo;<\/p>\n<p><b>Diritto di rettifica (art. 16 GDPR).<\/b>\u00a0Diritto dell\u00b4Interessato ad ottenere dal Titolare del trattamento la rettifica dei dati personali inesatti che lo riguardano;<\/p>\n<p><b>Diritto alla cancellazione (diritto all\u00b4oblio) (art. 17 GDPR).<\/b>\u00a0L\u00b4Interessato ha diritto di ottenere dal Titolare del trattamento la cancellazione dei dati personali che lo riguardano senza ingiustificato ritardo;<\/p>\n<p><b>Diritto alla limitazione di trattamento (art. 18 GDPR).<\/b>\u00a0Diritto dell\u00b4Interessato di ottenere una limitazione del trattamento del dato;<\/p>\n<p><b>Obbligo di notifica (art. 19 GDPR).<\/b>\u00a0Il Titolare del trattamento comunica a ciascuno dei destinatari cui sono stati trasmessi i dati personali le eventuali rettifiche o cancellazioni o limitazioni del trattamento effettuate a norma degli artt. 16; 17; 18;<\/p>\n<p><b>Diritto alla portabilit\u00e0 dei dati (art. 20 GDPR).<\/b>\u00a0L\u00b4Interessato ha diritto di ricevere i dati personali che lo riguardano forniti al Titolare e ha il diritto di trasmettere tali dati ad altro titolare di trattamento senza impedimenti da parte del Titolare;<\/p>\n<p><b>Diritto all\u00b4opposizione (art. 21 GDPR).<\/b>\u00a0Diritto dell\u00b4Interessato di opporsi al trattamento dei suoi dati personali;<\/p>\n<p><b>Profilazione (art. 22 GDPR).<\/b>\u00a0L\u00b4Interessato ha il diritto di non essere sottoposto a una decisione basata unicamente sul trattamento automatizzato, compresa la profilazione o che incida significativamente sulla sua persona.<\/p>\n<p>Il Titolare del trattamento \u00e8:\u00a0<b>\u00a0<\/b><b>\u00a0<\/b><\/p>\n<p><b>Buongiorno\u00a0 \u00a0 srl via del Campuccio \u00a0 53\u00a0 50125 Firenze<\/b><\/p>\n<p><b>Art. 7 \u2013 Diritto di accesso ai dati personali ed altri diritti<\/b><\/p>\n<p>1. L\u00b4interessato ha diritto di ottenere la conferma dell\u00b4esistenza o meno di dati personali che lo riguardano, anche se non ancora registrati, e la loro comunicazione in forma intelligibile.<\/p>\n<p>2. L\u00b4interessato ha diritto di ottenere l\u00b4indicazione:<\/p>\n<p>a) dell\u00b4origine dei dati personali;<\/p>\n<p>b) delle finalit\u00e0 e modalit\u00e0 del trattamento;<\/p>\n<p>c) della logica applicata in caso di trattamento effettuato con l\u00b4ausilio di strumenti elettronici;<\/p>\n<p>d) degli estremi identificativi del titolare, dei responsabili e del rappresentante designato ai sensi dell\u00b4articolo 5, comma 2;<\/p>\n<p>e) dei soggetti o delle categorie di soggetti ai quali i dati personali possono essere comunicati o che possono venirne a conoscenza in qualit\u00e0 di rappresentante designato nel territorio dello Stato, di responsabili o incaricati.<\/p>\n<p>3. L\u00b4interessato ha diritto di ottenere:<\/p>\n<p>a) l\u00b4aggiornamento, la rettificazione ovvero, quando vi ha interesse, l\u00b4integrazione dei dati;<\/p>\n<p>b) la cancellazione, la trasformazione in forma anonima o il blocco dei dati trattati in violazione di legge, compresi quelli di cui non \u00e8 necessaria la conservazione in relazione agli scopi per i quali i dati sono stati raccolti o successivamente trattati;<\/p>\n<p>c) l\u00b4attestazione che le operazioni di cui alle lettere a) e b) sono state portate a conoscenza, anche per quanto riguarda il loro contenuto, di coloro ai quali i dati sono stati comunicati o diffusi, eccettuato il caso in cui tale adempimento si rivela impossibile o comporta un impiego di mezzi manifestamente sproporzionato rispetto al diritto tutelato.<\/p>\n<p>4. L\u00b4interessato ha diritto di opporsi, in tutto o in parte:<\/p>\n<p>a) per motivi legittimi al trattamento dei dati personali che lo riguardano, ancorch\u00e9 pertinenti allo scopo della raccolta;<\/p>\n<p>b) al trattamento di dati personali che lo riguardano a fini di invio di materiale pubblicitario o di vendita diretta o per il compimento di ricerche di mercato o di comunicazione commerciale.<\/p>\n<p>Il Responsabile per la protezione dei dati personali \u00e8:\u00a0<b>Francesco Maestrelli\u00a0<\/b><\/p>\n<p><b>Titolare e Responsabile del Trattamento dei dati personali<\/b><\/p>\n<p>Ai sensi dell\u00b4art. 28 del D. Lgs. 196\/2003:<\/p>\n<p>Il Titolare del trattamento dei dati personali:<\/p>\n<p><b>Buongiorno\u00a0 \u00a0 srl via del Campuccio \u00a0 53\u00a0 50125 Firenze<\/b><\/p>\n<p>Il Responsabile del trattamento dei dati personali:<\/p>\n<p><b>Francesco Maestrelli<\/b><\/p>\n<p>Sede Legale:<\/p>\n<p><b>\u00a0via del Campuccio \u00a0 53\u00a0 50125 Firenze<\/b><\/p>\n<p>Partita Iva:<\/p>\n<p><b>IT 06531710488<\/b><\/p>\n<p>Email:<\/p>\n<p><b>info [at] stelladitaliaflorence.com<\/b><\/p>\n<p>Dominio:<\/p>\n<p><b>www.stelladitaliaflorence.com<\/b><\/p>\n<p><b>Collegamenti ad altri siti<\/b><\/p>\n<p>I siti a cui reindirizziamo, inclusi ( ma non solamente ) i siti secondari e i fornitori di servizi di terze parti, potrebbero avere una diversa politica sulla privacy rispetto a quella esposta qui. Non ci assumiamo alcuna responsabilit\u00e0 per le politiche sulla privacy dei siti collegati e pertanto vi incoraggiamo a venirne a conoscenza.<\/p>\n<p><b>Virus Informatici<\/b><\/p>\n<p>La\u00a0<b>Buongiorno\u00a0 srl\u00a0\u00a0<\/b>garantisce che il contenuto di questo sito \u00e8 privo di virus rilevabili da un sistema antivirus permanentemente attivo.<\/p>\n<p>La\u00a0<b>Buongiorno\u00a0 srl\u00a0 \u00a0<\/b>\u00a0non si assume alcuna responsabilit\u00e0 in merito alla presenza di virus non rilevabili dai prodotti antivirus utilizzati.<\/p>\n<p>Inoltre, avverte gli utenti che esiste un rischio intrinseco nell\u00b4utilizzo del software presente in rete.<\/p>\n<p><b>Bambini<\/b><\/p>\n<p>Non intendiamo raccogliere informazioni personali da nessun individuo di et\u00e0 inferiore a 16 anni. Se hai meno di 16 anni, non dovresti effettuare una prenotazione online o eventuali richieste di informazioni, ma chiedere ad un genitore di farlo al posto tuo.<\/p>\n<p><b>Domande o preoccupazioni<\/b><\/p>\n<p>In qualsiasi momento crediate che\u00a0<b>Buongiorno\u00a0 \u00a0 srl via del Campuccio \u00a0 53\u00a0 50125 Firenze<\/b>\u00a0non abbia seguito la politica sopra citata, vi invitiamo a comunicarcelo inviando una mail a\u00a0<b>info [at] stelladitaliaflorence.com <\/b>e cercheremo di fare del nostro meglio per identificare e risolvere qualsiasi problema. Potete scriverci a\u00a0<b>Buongiorno\u00a0 \u00a0 srl via del Campuccio \u00a0 53\u00a0 50125 Firenze\u00a0<\/b><\/p>\n<p><b>Variazioni di questa politica sulla privacy online<\/b><\/p>\n<p>Potremmo variare questa Dichiarazione sulla Privacy di tanto in tanto per far fronte ai cambiamenti delle normative, alle necessit\u00e0 del business o per soddisfare i requisiti dei nostri visitatori, ospiti, partner di mercato e fornitori di servizi. Versioni aggiornate verranno pubblicate sul nostro sito, insieme alle date di aggiornamento, per informarvi dell\u00b4ultimo aggiornamento della politica sulla privacy.\u00a0<b>Ultimo aggiornamento Dicembre 2023<\/b><\/p>\n<\/div><\/div>[\/vc_column][vc_column width=&#8221;1\/4&#8243;][\/vc_column][\/vc_row]<\/p>\n<\/section>","protected":false},"excerpt":{"rendered":"<p>[vc_row][vc_column width=&#8221;3\/4&#8243;][\/vc_column][vc_column width=&#8221;1\/4&#8243;][\/vc_column][\/vc_row]<\/p>\n","protected":false},"author":1,"featured_media":0,"parent":0,"menu_order":0,"comment_status":"closed","ping_status":"open","template":"","meta":{"footnotes":""},"class_list":["post-2728","page","type-page","status-publish","hentry"],"_links":{"self":[{"href":"https:\/\/stelladitaliaflorence.com\/it\/wp-json\/wp\/v2\/pages\/2728","targetHints":{"allow":["GET"]}}],"collection":[{"href":"https:\/\/stelladitaliaflorence.com\/it\/wp-json\/wp\/v2\/pages"}],"about":[{"href":"https:\/\/stelladitaliaflorence.com\/it\/wp-json\/wp\/v2\/types\/page"}],"author":[{"embeddable":true,"href":"https:\/\/stelladitaliaflorence.com\/it\/wp-json\/wp\/v2\/users\/1"}],"replies":[{"embeddable":true,"href":"https:\/\/stelladitaliaflorence.com\/it\/wp-json\/wp\/v2\/comments?post=2728"}],"version-history":[{"count":6,"href":"https:\/\/stelladitaliaflorence.com\/it\/wp-json\/wp\/v2\/pages\/2728\/revisions"}],"predecessor-version":[{"id":3959,"href":"https:\/\/stelladitaliaflorence.com\/it\/wp-json\/wp\/v2\/pages\/2728\/revisions\/3959"}],"wp:attachment":[{"href":"https:\/\/stelladitaliaflorence.com\/it\/wp-json\/wp\/v2\/media?parent=2728"}],"curies":[{"name":"wp","href":"https:\/\/api.w.org\/{rel}","templated":true}]}}